{"id":3,"date":"2009-08-09T16:45:28","date_gmt":"2009-08-09T14:45:28","guid":{"rendered":"http:\/\/www.lax-grueneberg.de\/laxwp\/?page_id=3"},"modified":"2026-01-27T11:15:38","modified_gmt":"2026-01-27T09:15:38","slug":"benedict","status":"publish","type":"page","link":"https:\/\/www.lax-grueneberg.de\/?page_id=3","title":{"rendered":"Benedict"},"content":{"rendered":"\n<p>&nbsp;<\/p>\n\n\n<div class=\"wp-block-image\">\n<figure class=\"alignright\"><img loading=\"lazy\" decoding=\"async\" width=\"300\" height=\"150\" src=\"https:\/\/www.lax-grueneberg.de\/wp-content\/uploads\/2021\/03\/biobild-2.jpg\" alt=\"\" class=\"wp-image-979\" title=\"biobild\"\/><\/figure>\n<\/div>\n\n\n<p class=\"has-text-align-center\"><\/p>\n\n\n\n<p class=\"has-text-align-left\">Hallo lieber Besucher !<\/p>\n\n\n\n<p class=\"has-text-align-left\">Ich freue mich, dass Sie den Weg zu meiner Homepage gefunden haben und darf mich Ihnen kurz vorstellen:<\/p>\n\n\n\n<p class=\"has-text-align-left\">Ich hei\u00dfe Benedict, bin Jahrgang \u00b478 und habe in M\u00fcnster Germanistik und Kath. Theologie auf Lehramt studiert. Als geb\u00fcrtiger M\u00fcnsteraner bin ich mit einem kurzen Umweg \u00fcber Ostbevern nat\u00fcrlich meiner Lieblingsstadt treu geblieben. In Ostbevern ging ich 5 1\/2 Jahre ins Internat und machte dort auch mein Abitur. In dieser Zeit entwickelten sich meine vielschichtigen Talente, hier nur ein paar: Ich erlernte das grazi\u00f6se Tanzen und habe alles durchgetanzt, was ging, nebenbei versuchte ich meine ganzen Freunde dazu zu \u00fcberreden, mitzutanzen. Aufgrund der Tatsache, dass ich immer alles mit meinem Taschenmesser versucht habe zu reparieren, nannte man mich auch McGyver, <span style=\"text-decoration: underline;\"><span style=\"color: #993300;\"><a title=\"Hella\" href=\"http:\/\/de.wikipedia.org\/wiki\/Hella_Jurich\" target=\"_blank\" rel=\"noopener\">Hella<\/a><\/span><\/span> pr\u00e4gte meinen derzeitigen Dauerspitznamen, aber sonst nennt man mich ganz einfach &#8218;Bene&#8216; und gelegentlich auch &#8218;Herr Lax&#8216;.<\/p>\n\n\n\n<p class=\"has-text-align-left\">Festplatten formatieren wurde nach dem Erwerb eines Pentium I zu meiner pers\u00f6nlichen Wochenaufgabe. Auch habe ich schon so manchen Rollersturz \u00fcberlebt, ohne dass meine Freunde mir St\u00fctzr\u00e4der an meine Sfera montiert haben. Neben Volleyball, haben mich fr\u00fcher auch Basketball und Handball gereizt, doch nun bin ich wieder beim Volleyball gelandet, den ich sowohl aktiv, als auch passiv genie\u00dfe. Worin meine Liebe zum USC M\u00fcnster und TSV Bayer 04 Leverkusen begr\u00fcndet liegt. Am liebsten spiele ich allerdings die &#8218;Sand-Variante&#8216; Beachvolleyball. Seit 2015 \u00fcbe ich mich im Buschcraft (Survival)&nbsp; im Wald, die Ruhe dort und das Kochen unter freiem Himmel sind unbeschreiblich entschleunigend.<\/p>\n\n\n<div class=\"wp-block-image\">\n<figure class=\"alignright\"><img loading=\"lazy\" decoding=\"async\" width=\"232\" height=\"300\" src=\"\/wp-content\/uploads\/2009\/08\/hummelbild-232x300.jpg\" alt=\"hummelbild\" class=\"wp-image-172\" title=\"hummelbild\" srcset=\"https:\/\/www.lax-grueneberg.de\/wp-content\/uploads\/2009\/08\/hummelbild-232x300.jpg 232w, https:\/\/www.lax-grueneberg.de\/wp-content\/uploads\/2009\/08\/hummelbild.jpg 260w\" sizes=\"auto, (max-width: 232px) 100vw, 232px\" \/><\/figure>\n<\/div>\n\n\n<p class=\"has-text-align-left\">Wenn ich mal nicht Rechner neu aufsetze, Unterricht vorbereite, auf der Sentruper H\u00f6he beache oder im Wald schlafe, arbeite ich als Lehrer an einem Gymnasium. Zuvor war ich als Verlagslektor in den Fachbereichen P\u00e4dagogik, Religionsp\u00e4dagogik und Psychologie im <span style=\"text-decoration: underline;\"><span style=\"color: #993300;\"><a title=\"LIT Verlag\" href=\"http:\/\/lit-verlag.de\" target=\"_blank\" rel=\"noopener\">LIT Verlag<\/a><\/span><\/span>, einem gro\u00dfen M\u00fcnsteraner Wissenschafts-Verlag, t\u00e4tig. Sollte ich nicht in M\u00fcnster zu finden sein, bin ich in Wertach \/ Bayern, wo ich fr\u00fcher beim Kolping als Jugend- und Erwachsenen-Gruppenleiter gearbeitet habe, oder an der K\u00fcste zu Hause. Zudem bin ich ehrenamtlich f\u00fcr den <span style=\"text-decoration: underline;\"><span style=\"color: #993300;\"><a title=\"Verkehrs- und Unfallhilfsdienst\" href=\"http:\/\/www.vuhd.de\" target=\"_blank\" rel=\"noopener\">Verkehrs- und Unfallhilfsdienst<\/a><\/span><\/span> unterwegs.<\/p>\n\n\n<div class=\"wp-block-image\">\n<figure class=\"alignleft\"><img loading=\"lazy\" decoding=\"async\" width=\"260\" height=\"160\" src=\"\/wp-content\/uploads\/2009\/08\/autobild.jpg\" alt=\"autobild\" class=\"wp-image-176\" title=\"autobild\"\/><\/figure>\n<\/div>\n\n\n<p class=\"has-text-align-left\">In meinem Leben begleiten mich nat\u00fcrlich auch meine Sch\u00fclerinnen und Sch\u00fcler, Kolleginnen und Kollegen, Freunde und meine Familie, die ich auf diesem Weg ganz lieb gr\u00fc\u00dfen m\u00f6chte.<\/p>\n\n\n\n<p class=\"has-text-align-left\">Es ist sch\u00f6n, dass es Euch gibt!<\/p>\n\n\n\n<p class=\"has-text-align-left\"><em>Benedict<\/em><\/p>\n","protected":false},"excerpt":{"rendered":"<p>&nbsp; Hallo lieber Besucher ! Ich freue mich, dass Sie den Weg zu meiner Homepage gefunden haben und darf mich Ihnen kurz vorstellen: Ich hei\u00dfe Benedict, bin Jahrgang \u00b478 und habe in M\u00fcnster Germanistik und Kath. Theologie auf Lehramt studiert. Als geb\u00fcrtiger M\u00fcnsteraner bin ich mit einem kurzen Umweg \u00fcber Ostbevern nat\u00fcrlich meiner Lieblingsstadt treu &hellip; <\/p>\n<p class=\"link-more\"><a href=\"https:\/\/www.lax-grueneberg.de\/?page_id=3\" class=\"more-link\"><span class=\"screen-reader-text\">\u201eBenedict\u201c <\/span>weiterlesen<\/a><\/p>\n","protected":false},"author":1,"featured_media":0,"parent":0,"menu_order":2,"comment_status":"closed","ping_status":"closed","template":"","meta":{"ngg_post_thumbnail":0,"footnotes":""},"class_list":["post-3","page","type-page","status-publish","hentry"],"_links":{"self":[{"href":"https:\/\/www.lax-grueneberg.de\/index.php?rest_route=\/wp\/v2\/pages\/3","targetHints":{"allow":["GET"]}}],"collection":[{"href":"https:\/\/www.lax-grueneberg.de\/index.php?rest_route=\/wp\/v2\/pages"}],"about":[{"href":"https:\/\/www.lax-grueneberg.de\/index.php?rest_route=\/wp\/v2\/types\/page"}],"author":[{"embeddable":true,"href":"https:\/\/www.lax-grueneberg.de\/index.php?rest_route=\/wp\/v2\/users\/1"}],"replies":[{"embeddable":true,"href":"https:\/\/www.lax-grueneberg.de\/index.php?rest_route=%2Fwp%2Fv2%2Fcomments&post=3"}],"version-history":[{"count":75,"href":"https:\/\/www.lax-grueneberg.de\/index.php?rest_route=\/wp\/v2\/pages\/3\/revisions"}],"predecessor-version":[{"id":1019,"href":"https:\/\/www.lax-grueneberg.de\/index.php?rest_route=\/wp\/v2\/pages\/3\/revisions\/1019"}],"wp:attachment":[{"href":"https:\/\/www.lax-grueneberg.de\/index.php?rest_route=%2Fwp%2Fv2%2Fmedia&parent=3"}],"curies":[{"name":"wp","href":"https:\/\/api.w.org\/{rel}","templated":true}]}}