{"id":15,"date":"2009-08-09T16:49:58","date_gmt":"2009-08-09T14:49:58","guid":{"rendered":"http:\/\/www.lax-grueneberg.de\/laxwp\/?page_id=15"},"modified":"2026-01-27T11:01:12","modified_gmt":"2026-01-27T09:01:12","slug":"home","status":"publish","type":"page","link":"https:\/\/www.lax-grueneberg.de\/","title":{"rendered":"Home"},"content":{"rendered":"<h3 style=\"text-align: left;\"><strong>Willkommen auf meiner Website<\/strong><\/h3>\n<p style=\"text-align: left;\">Ich darf Sie herzlich auf meiner Homepage begr\u00fc\u00dfen!<\/p>\n<p style=\"text-align: left;\">Neben meiner Sammlung an Rundumkennleuchten, finden Sie auch Informationen \u00fcber meine Person und meine Ideen.<\/p>\n<p style=\"text-align: left;\">Ich lade Sie ein, mich und meine Homepage zu erkunden.<\/p>\n","protected":false},"excerpt":{"rendered":"<p>Willkommen auf meiner Website Ich darf Sie herzlich auf meiner Homepage begr\u00fc\u00dfen! Neben meiner Sammlung an Rundumkennleuchten, finden Sie auch Informationen \u00fcber meine Person und meine Ideen. Ich lade Sie ein, mich und meine Homepage zu erkunden.<\/p>\n","protected":false},"author":1,"featured_media":0,"parent":0,"menu_order":90,"comment_status":"closed","ping_status":"closed","template":"","meta":{"ngg_post_thumbnail":0,"footnotes":""},"class_list":["post-15","page","type-page","status-publish","hentry"],"_links":{"self":[{"href":"https:\/\/www.lax-grueneberg.de\/index.php?rest_route=\/wp\/v2\/pages\/15","targetHints":{"allow":["GET"]}}],"collection":[{"href":"https:\/\/www.lax-grueneberg.de\/index.php?rest_route=\/wp\/v2\/pages"}],"about":[{"href":"https:\/\/www.lax-grueneberg.de\/index.php?rest_route=\/wp\/v2\/types\/page"}],"author":[{"embeddable":true,"href":"https:\/\/www.lax-grueneberg.de\/index.php?rest_route=\/wp\/v2\/users\/1"}],"replies":[{"embeddable":true,"href":"https:\/\/www.lax-grueneberg.de\/index.php?rest_route=%2Fwp%2Fv2%2Fcomments&post=15"}],"version-history":[{"count":38,"href":"https:\/\/www.lax-grueneberg.de\/index.php?rest_route=\/wp\/v2\/pages\/15\/revisions"}],"predecessor-version":[{"id":345,"href":"https:\/\/www.lax-grueneberg.de\/index.php?rest_route=\/wp\/v2\/pages\/15\/revisions\/345"}],"wp:attachment":[{"href":"https:\/\/www.lax-grueneberg.de\/index.php?rest_route=%2Fwp%2Fv2%2Fmedia&parent=15"}],"curies":[{"name":"wp","href":"https:\/\/api.w.org\/{rel}","templated":true}]}}